{"id":1347,"date":"2019-05-06T18:27:12","date_gmt":"2019-05-06T18:27:12","guid":{"rendered":"https:\/\/www.rivijera.hr\/?page_id=1347"},"modified":"2023-05-15T19:10:04","modified_gmt":"2023-05-15T19:10:04","slug":"startseite","status":"publish","type":"page","link":"https:\/\/www.rivijera.hr\/de\/","title":{"rendered":"STARTSEITE"},"content":{"rendered":"<div id=\"cs-content\" class=\"cs-content\"><\/div>\n","protected":false},"excerpt":{"rendered":"<p>Buchen W\u00e4hlen Hotel IMPERIAL Vodice Hotel JADRAN \u0160ibenik Hotel MIRAN Pirovac Villen IMPERIAL Vodice Camp IMPERIAL Vodice-Stellpl\u00e4tze Camp MIRAN Pirovec-Stellpl\u00e4tze Camp IMPERIAL Vodice-Mobilheime Camp MIRAN &#8230; <a href=\"https:\/\/www.rivijera.hr\/de\/\" class=\"more-link\">Read More<\/a><\/p>\n","protected":false},"author":1,"featured_media":0,"parent":0,"menu_order":0,"comment_status":"closed","ping_status":"open","template":"template-blank-4.php","meta":[],"yoast_head":"<!-- This site is optimized with the Yoast SEO plugin v20.10 - https:\/\/yoast.com\/wordpress\/plugins\/seo\/ -->\n<title>Riviera Hotels I Riviera Hotels, Sibenik, Vodice, Pirovac<\/title>\n<meta name=\"description\" content=\"Willkommen in Vodice, \u0160ibenik und Pirovac, beliebte Touristenziele der Riviera \u0160ibenik mit ihren zahlreichen komfortablen Hotels und Campingpl\u00e4tzen.\" \/>\n<meta name=\"robots\" content=\"index, follow, max-snippet:-1, max-image-preview:large, max-video-preview:-1\" \/>\n<link rel=\"canonical\" href=\"https:\/\/www.rivijera.hr\/de\/\" \/>\n<meta property=\"og:locale\" content=\"de_DE\" \/>\n<meta property=\"og:type\" content=\"article\" \/>\n<meta property=\"og:title\" content=\"Riviera Hotels I Riviera Hotels, Sibenik, Vodice, Pirovac\" \/>\n<meta property=\"og:description\" content=\"Willkommen in Vodice, \u0160ibenik und Pirovac, beliebte Touristenziele der Riviera \u0160ibenik mit ihren zahlreichen komfortablen Hotels und Campingpl\u00e4tzen.\" \/>\n<meta property=\"og:url\" content=\"https:\/\/www.rivijera.hr\/de\/\" \/>\n<meta property=\"og:site_name\" content=\"Rivijera hoteli I Rivijera Hoteli, \u0160ibenik,Vodice, Pirovac\" \/>\n<meta property=\"article:modified_time\" content=\"2023-05-15T19:10:04+00:00\" \/>\n<meta name=\"twitter:card\" content=\"summary_large_image\" \/>\n<meta name=\"twitter:label1\" content=\"Gesch\u00e4tzte Lesezeit\" \/>\n\t<meta name=\"twitter:data1\" content=\"3\u00a0Minuten\" \/>\n<script type=\"application\/ld+json\" class=\"yoast-schema-graph\">{\"@context\":\"https:\/\/schema.org\",\"@graph\":[{\"@type\":\"WebPage\",\"@id\":\"https:\/\/www.rivijera.hr\/de\/\",\"url\":\"https:\/\/www.rivijera.hr\/de\/\",\"name\":\"Riviera Hotels I Riviera Hotels, Sibenik, Vodice, Pirovac\",\"isPartOf\":{\"@id\":\"https:\/\/www.rivijera.hr\/de\/#website\"},\"datePublished\":\"2019-05-06T18:27:12+00:00\",\"dateModified\":\"2023-05-15T19:10:04+00:00\",\"description\":\"Willkommen in Vodice, \u0160ibenik und Pirovac, beliebte Touristenziele der Riviera \u0160ibenik mit ihren zahlreichen komfortablen Hotels und Campingpl\u00e4tzen.\",\"breadcrumb\":{\"@id\":\"https:\/\/www.rivijera.hr\/de\/#breadcrumb\"},\"inLanguage\":\"de\",\"potentialAction\":[{\"@type\":\"ReadAction\",\"target\":[\"https:\/\/www.rivijera.hr\/de\/\"]}]},{\"@type\":\"BreadcrumbList\",\"@id\":\"https:\/\/www.rivijera.hr\/de\/#breadcrumb\",\"itemListElement\":[{\"@type\":\"ListItem\",\"position\":1,\"name\":\"Po\u010detna stranica\",\"item\":\"https:\/\/www.rivijera.hr\/de\/startseite\/\"},{\"@type\":\"ListItem\",\"position\":2,\"name\":\"STARTSEITE\"}]},{\"@type\":\"WebSite\",\"@id\":\"https:\/\/www.rivijera.hr\/de\/#website\",\"url\":\"https:\/\/www.rivijera.hr\/de\/\",\"name\":\"Rivijera hoteli I Rivijera Hoteli, \u0160ibenik,Vodice, Pirovac\",\"description\":\"Rivijera hoteli I Rivijera Hoteli, \u0160ibenik,Vodice, Pirovac\",\"potentialAction\":[{\"@type\":\"SearchAction\",\"target\":{\"@type\":\"EntryPoint\",\"urlTemplate\":\"https:\/\/www.rivijera.hr\/de\/?s={search_term_string}\"},\"query-input\":\"required name=search_term_string\"}],\"inLanguage\":\"de\"}]}<\/script>\n<!-- \/ Yoast SEO plugin. -->","yoast_head_json":{"title":"Riviera Hotels I Riviera Hotels, Sibenik, Vodice, Pirovac","description":"Willkommen in Vodice, \u0160ibenik und Pirovac, beliebte Touristenziele der Riviera \u0160ibenik mit ihren zahlreichen komfortablen Hotels und Campingpl\u00e4tzen.","robots":{"index":"index","follow":"follow","max-snippet":"max-snippet:-1","max-image-preview":"max-image-preview:large","max-video-preview":"max-video-preview:-1"},"canonical":"https:\/\/www.rivijera.hr\/de\/","og_locale":"de_DE","og_type":"article","og_title":"Riviera Hotels I Riviera Hotels, Sibenik, Vodice, Pirovac","og_description":"Willkommen in Vodice, \u0160ibenik und Pirovac, beliebte Touristenziele der Riviera \u0160ibenik mit ihren zahlreichen komfortablen Hotels und Campingpl\u00e4tzen.","og_url":"https:\/\/www.rivijera.hr\/de\/","og_site_name":"Rivijera hoteli I Rivijera Hoteli, \u0160ibenik,Vodice, Pirovac","article_modified_time":"2023-05-15T19:10:04+00:00","twitter_card":"summary_large_image","twitter_misc":{"Gesch\u00e4tzte Lesezeit":"3\u00a0Minuten"},"schema":{"@context":"https:\/\/schema.org","@graph":[{"@type":"WebPage","@id":"https:\/\/www.rivijera.hr\/de\/","url":"https:\/\/www.rivijera.hr\/de\/","name":"Riviera Hotels I Riviera Hotels, Sibenik, Vodice, Pirovac","isPartOf":{"@id":"https:\/\/www.rivijera.hr\/de\/#website"},"datePublished":"2019-05-06T18:27:12+00:00","dateModified":"2023-05-15T19:10:04+00:00","description":"Willkommen in Vodice, \u0160ibenik und Pirovac, beliebte Touristenziele der Riviera \u0160ibenik mit ihren zahlreichen komfortablen Hotels und Campingpl\u00e4tzen.","breadcrumb":{"@id":"https:\/\/www.rivijera.hr\/de\/#breadcrumb"},"inLanguage":"de","potentialAction":[{"@type":"ReadAction","target":["https:\/\/www.rivijera.hr\/de\/"]}]},{"@type":"BreadcrumbList","@id":"https:\/\/www.rivijera.hr\/de\/#breadcrumb","itemListElement":[{"@type":"ListItem","position":1,"name":"Po\u010detna stranica","item":"https:\/\/www.rivijera.hr\/de\/startseite\/"},{"@type":"ListItem","position":2,"name":"STARTSEITE"}]},{"@type":"WebSite","@id":"https:\/\/www.rivijera.hr\/de\/#website","url":"https:\/\/www.rivijera.hr\/de\/","name":"Rivijera hoteli I Rivijera Hoteli, \u0160ibenik,Vodice, Pirovac","description":"Rivijera hoteli I Rivijera Hoteli, \u0160ibenik,Vodice, Pirovac","potentialAction":[{"@type":"SearchAction","target":{"@type":"EntryPoint","urlTemplate":"https:\/\/www.rivijera.hr\/de\/?s={search_term_string}"},"query-input":"required name=search_term_string"}],"inLanguage":"de"}]}},"_links":{"self":[{"href":"https:\/\/www.rivijera.hr\/de\/wp-json\/wp\/v2\/pages\/1347"}],"collection":[{"href":"https:\/\/www.rivijera.hr\/de\/wp-json\/wp\/v2\/pages"}],"about":[{"href":"https:\/\/www.rivijera.hr\/de\/wp-json\/wp\/v2\/types\/page"}],"author":[{"embeddable":true,"href":"https:\/\/www.rivijera.hr\/de\/wp-json\/wp\/v2\/users\/1"}],"replies":[{"embeddable":true,"href":"https:\/\/www.rivijera.hr\/de\/wp-json\/wp\/v2\/comments?post=1347"}],"version-history":[{"count":54,"href":"https:\/\/www.rivijera.hr\/de\/wp-json\/wp\/v2\/pages\/1347\/revisions"}],"predecessor-version":[{"id":6684,"href":"https:\/\/www.rivijera.hr\/de\/wp-json\/wp\/v2\/pages\/1347\/revisions\/6684"}],"wp:attachment":[{"href":"https:\/\/www.rivijera.hr\/de\/wp-json\/wp\/v2\/media?parent=1347"}],"curies":[{"name":"wp","href":"https:\/\/api.w.org\/{rel}","templated":true}]}}